{"id":2071,"date":"2025-04-19T22:37:07","date_gmt":"2025-04-20T03:37:07","guid":{"rendered":"https:\/\/www.tatianamorales.com.co\/?page_id=2071"},"modified":"2025-10-10T14:57:44","modified_gmt":"2025-10-10T19:57:44","slug":"salsa-para-todos","status":"publish","type":"page","link":"https:\/\/www.tatianamorales.com.co\/index.php\/salsa-para-todos\/","title":{"rendered":"Salsa para Todos"},"content":{"rendered":"\n<figure class=\"wp-block-image size-large\"><img loading=\"lazy\" decoding=\"async\" width=\"1024\" height=\"576\" src=\"https:\/\/www.tatianamorales.com.co\/wp-content\/uploads\/2025\/04\/SPT-evento-1024x576.jpeg\" alt=\"\" class=\"wp-image-2072\" srcset=\"https:\/\/www.tatianamorales.com.co\/wp-content\/uploads\/2025\/04\/SPT-evento-1024x576.jpeg 1024w, https:\/\/www.tatianamorales.com.co\/wp-content\/uploads\/2025\/04\/SPT-evento-300x169.jpeg 300w, https:\/\/www.tatianamorales.com.co\/wp-content\/uploads\/2025\/04\/SPT-evento-768x432.jpeg 768w, https:\/\/www.tatianamorales.com.co\/wp-content\/uploads\/2025\/04\/SPT-evento.jpeg 1280w\" sizes=\"auto, (max-width: 1024px) 100vw, 1024px\" \/><\/figure>\n\n\n\n<p>Es una comunidad de difusores, dj, mel\u00f3manos y coleccionistas salseros con mas de 100 miembros de Colombia y el mundo, fundada en noviembre de 2017 bajo la coordinaci\u00f3n de <a href=\"https:\/\/aclcolombia.com\/voces-acl\/omar-antonio\/\" target=\"_blank\" rel=\"noopener\" title=\"\"><strong>Omar Antonio Barrera<\/strong><\/a>, reconocido comunicador, productor de radio, maestro de ceremonias y gestor cultural, quien actualmente es el fiscal de la Asociaci\u00f3n Colombiana de Locutores (ACL).<\/p>\n\n\n\n<p>Omar Antonio, ha sido siempre un comprometido defensor y promotor de eventos que convocan a salseros y a quienes trabajan alrededor de todo lo que este g\u00e9nero musical de origen antillano y newyorkino mueve.<\/p>\n\n\n\n<p>Incluso su frase &#8220;<em><strong>La Salsa est\u00e1 muerta, pero de la Risa<\/strong><\/em>&#8221; , no solo se posici\u00f3n\u00f3 como un grito de batalla, sino que incluso se convirti\u00f3 en una <a href=\"https:\/\/youtu.be\/yTeFYXHz8nY?si=fhVatkyCn_6cnjMe\" target=\"_blank\" rel=\"noopener\" title=\"\"><strong>canci\u00f3n<\/strong><\/a> interpretada por <strong>El Clan del Solar<\/strong>.<\/p>\n\n\n\n<p>Desde Abril de 2025 Omar Antonio regres\u00f3 a la Radio Nacional de Colombia para retomar el emblematico espacio &#8220;<strong><a href=\"https:\/\/www.radionacional.co\/musica\/novedades\/tunel-del-ritmo-estara-nuevamente-en-radio-nacional\" target=\"_blank\" rel=\"noopener\" title=\"\">El Tunel del Ritmo<\/a><\/strong>&#8220;.<\/p>\n\n\n\n<p><strong>Salsa para Todos<\/strong> es la responsable de proyectos como: <strong>Maraton Salsera<\/strong>, &#8220;El verdadero <em>cluster<\/em> de la Salsa&#8221; y de <strong>Oye la Noticia<\/strong>, &#8220;El informativo de la Salsa&#8221;.<\/p>\n\n\n\n<figure class=\"wp-block-gallery has-nested-images columns-4 is-cropped wp-block-gallery-1 is-layout-flex wp-block-gallery-is-layout-flex\">\n<figure class=\"wp-block-image size-full\"><img loading=\"lazy\" decoding=\"async\" width=\"471\" height=\"456\" data-id=\"1857\" src=\"https:\/\/www.tatianamorales.com.co\/wp-content\/uploads\/2024\/05\/spt.png\" alt=\"logo_salsa_para_todos\" class=\"wp-image-1857\" srcset=\"https:\/\/www.tatianamorales.com.co\/wp-content\/uploads\/2024\/05\/spt.png 471w, https:\/\/www.tatianamorales.com.co\/wp-content\/uploads\/2024\/05\/spt-300x290.png 300w\" sizes=\"auto, (max-width: 471px) 100vw, 471px\" \/><\/figure>\n\n\n\n<figure class=\"wp-block-image size-full\"><img loading=\"lazy\" decoding=\"async\" width=\"946\" height=\"946\" data-id=\"2077\" src=\"https:\/\/www.tatianamorales.com.co\/wp-content\/uploads\/2025\/04\/logo_maraton_salsera.png\" alt=\"\" class=\"wp-image-2077\" srcset=\"https:\/\/www.tatianamorales.com.co\/wp-content\/uploads\/2025\/04\/logo_maraton_salsera.png 946w, https:\/\/www.tatianamorales.com.co\/wp-content\/uploads\/2025\/04\/logo_maraton_salsera-300x300.png 300w, https:\/\/www.tatianamorales.com.co\/wp-content\/uploads\/2025\/04\/logo_maraton_salsera-150x150.png 150w, https:\/\/www.tatianamorales.com.co\/wp-content\/uploads\/2025\/04\/logo_maraton_salsera-768x768.png 768w, https:\/\/www.tatianamorales.com.co\/wp-content\/uploads\/2025\/04\/logo_maraton_salsera-560x560.png 560w\" sizes=\"auto, (max-width: 946px) 100vw, 946px\" \/><\/figure>\n\n\n\n<figure class=\"wp-block-image size-full\"><img loading=\"lazy\" decoding=\"async\" width=\"554\" height=\"554\" data-id=\"2078\" src=\"https:\/\/www.tatianamorales.com.co\/wp-content\/uploads\/2025\/04\/logo_cancion_lsempdlr.jpeg\" alt=\"\" class=\"wp-image-2078\" srcset=\"https:\/\/www.tatianamorales.com.co\/wp-content\/uploads\/2025\/04\/logo_cancion_lsempdlr.jpeg 554w, https:\/\/www.tatianamorales.com.co\/wp-content\/uploads\/2025\/04\/logo_cancion_lsempdlr-300x300.jpeg 300w, https:\/\/www.tatianamorales.com.co\/wp-content\/uploads\/2025\/04\/logo_cancion_lsempdlr-150x150.jpeg 150w\" sizes=\"auto, (max-width: 554px) 100vw, 554px\" \/><\/figure>\n\n\n\n<figure class=\"wp-block-image size-large\"><img loading=\"lazy\" decoding=\"async\" width=\"1024\" height=\"1024\" data-id=\"2080\" src=\"https:\/\/www.tatianamorales.com.co\/wp-content\/uploads\/2025\/04\/logo_oye_la_noticia-1024x1024.jpg\" alt=\"\" class=\"wp-image-2080\" srcset=\"https:\/\/www.tatianamorales.com.co\/wp-content\/uploads\/2025\/04\/logo_oye_la_noticia-1024x1024.jpg 1024w, https:\/\/www.tatianamorales.com.co\/wp-content\/uploads\/2025\/04\/logo_oye_la_noticia-300x300.jpg 300w, https:\/\/www.tatianamorales.com.co\/wp-content\/uploads\/2025\/04\/logo_oye_la_noticia-150x150.jpg 150w, https:\/\/www.tatianamorales.com.co\/wp-content\/uploads\/2025\/04\/logo_oye_la_noticia-768x768.jpg 768w, https:\/\/www.tatianamorales.com.co\/wp-content\/uploads\/2025\/04\/logo_oye_la_noticia-1536x1536.jpg 1536w, https:\/\/www.tatianamorales.com.co\/wp-content\/uploads\/2025\/04\/logo_oye_la_noticia-560x560.jpg 560w, https:\/\/www.tatianamorales.com.co\/wp-content\/uploads\/2025\/04\/logo_oye_la_noticia.jpg 1597w\" sizes=\"auto, (max-width: 1024px) 100vw, 1024px\" \/><\/figure>\n<\/figure>\n\n\n\n<p><\/p>\n\n\n\n<figure class=\"wp-block-gallery has-nested-images columns-default is-cropped wp-block-gallery-2 is-layout-flex wp-block-gallery-is-layout-flex\">\n<figure class=\"wp-block-image size-large\"><img loading=\"lazy\" decoding=\"async\" width=\"800\" height=\"450\" data-id=\"1445\" src=\"https:\/\/www.tatianamorales.com.co\/wp-content\/uploads\/2021\/06\/spt-tv.jpg\" alt=\"spt-tv\" class=\"wp-image-1445\" srcset=\"https:\/\/www.tatianamorales.com.co\/wp-content\/uploads\/2021\/06\/spt-tv.jpg 800w, https:\/\/www.tatianamorales.com.co\/wp-content\/uploads\/2021\/06\/spt-tv-300x169.jpg 300w, https:\/\/www.tatianamorales.com.co\/wp-content\/uploads\/2021\/06\/spt-tv-768x432.jpg 768w\" sizes=\"auto, (max-width: 800px) 100vw, 800px\" \/><figcaption class=\"wp-element-caption\">Participaci\u00f3n en TV<\/figcaption><\/figure>\n\n\n\n<figure class=\"wp-block-image size-large\"><img loading=\"lazy\" decoding=\"async\" width=\"1024\" height=\"576\" data-id=\"1501\" src=\"https:\/\/www.tatianamorales.com.co\/wp-content\/uploads\/2021\/08\/TT-1024x576.jpg\" alt=\"SPT_Tony_Succar\" class=\"wp-image-1501\" srcset=\"https:\/\/www.tatianamorales.com.co\/wp-content\/uploads\/2021\/08\/TT-1024x576.jpg 1024w, https:\/\/www.tatianamorales.com.co\/wp-content\/uploads\/2021\/08\/TT-300x169.jpg 300w, https:\/\/www.tatianamorales.com.co\/wp-content\/uploads\/2021\/08\/TT-768x432.jpg 768w, https:\/\/www.tatianamorales.com.co\/wp-content\/uploads\/2021\/08\/TT.jpg 1280w\" sizes=\"auto, (max-width: 1024px) 100vw, 1024px\" \/><figcaption class=\"wp-element-caption\">con Tony Succar<\/figcaption><\/figure>\n\n\n\n<figure class=\"wp-block-image size-large\"><img loading=\"lazy\" decoding=\"async\" width=\"1024\" height=\"576\" data-id=\"2086\" src=\"https:\/\/www.tatianamorales.com.co\/wp-content\/uploads\/2025\/05\/PLVDC-10052025-1024x576.jpeg\" alt=\"\" class=\"wp-image-2086\" srcset=\"https:\/\/www.tatianamorales.com.co\/wp-content\/uploads\/2025\/05\/PLVDC-10052025-1024x576.jpeg 1024w, https:\/\/www.tatianamorales.com.co\/wp-content\/uploads\/2025\/05\/PLVDC-10052025-300x169.jpeg 300w, https:\/\/www.tatianamorales.com.co\/wp-content\/uploads\/2025\/05\/PLVDC-10052025-768x432.jpeg 768w, https:\/\/www.tatianamorales.com.co\/wp-content\/uploads\/2025\/05\/PLVDC-10052025-1536x864.jpeg 1536w, https:\/\/www.tatianamorales.com.co\/wp-content\/uploads\/2025\/05\/PLVDC-10052025-2048x1152.jpeg 2048w\" sizes=\"auto, (max-width: 1024px) 100vw, 1024px\" \/><\/figure>\n<\/figure>\n\n\n\n<p><\/p>\n","protected":false},"excerpt":{"rendered":"<p>Es una comunidad de difusores, dj, mel\u00f3manos y coleccionistas salseros con mas de 100 miembros de Colombia y el mundo, fundada en noviembre de 2017 bajo la coordinaci\u00f3n de Omar &#8230;<\/p>\n","protected":false},"author":1,"featured_media":0,"parent":0,"menu_order":0,"comment_status":"closed","ping_status":"closed","template":"","meta":{"episode_type":"","audio_file":"","cover_image":"","cover_image_id":"","duration":"","filesize":"","date_recorded":"","explicit":"","block":"","itunes_episode_number":"","itunes_title":"","itunes_season_number":"","itunes_episode_type":"","filesize_raw":"","_themeisle_gutenberg_block_has_review":false,"footnotes":""},"class_list":["post-2071","page","type-page","status-publish","hentry"],"aioseo_notices":[],"_links":{"self":[{"href":"https:\/\/www.tatianamorales.com.co\/index.php\/wp-json\/wp\/v2\/pages\/2071","targetHints":{"allow":["GET"]}}],"collection":[{"href":"https:\/\/www.tatianamorales.com.co\/index.php\/wp-json\/wp\/v2\/pages"}],"about":[{"href":"https:\/\/www.tatianamorales.com.co\/index.php\/wp-json\/wp\/v2\/types\/page"}],"author":[{"embeddable":true,"href":"https:\/\/www.tatianamorales.com.co\/index.php\/wp-json\/wp\/v2\/users\/1"}],"replies":[{"embeddable":true,"href":"https:\/\/www.tatianamorales.com.co\/index.php\/wp-json\/wp\/v2\/comments?post=2071"}],"version-history":[{"count":3,"href":"https:\/\/www.tatianamorales.com.co\/index.php\/wp-json\/wp\/v2\/pages\/2071\/revisions"}],"predecessor-version":[{"id":2157,"href":"https:\/\/www.tatianamorales.com.co\/index.php\/wp-json\/wp\/v2\/pages\/2071\/revisions\/2157"}],"wp:attachment":[{"href":"https:\/\/www.tatianamorales.com.co\/index.php\/wp-json\/wp\/v2\/media?parent=2071"}],"curies":[{"name":"wp","href":"https:\/\/api.w.org\/{rel}","templated":true}]}}