{"id":2116,"date":"2022-01-22T21:16:00","date_gmt":"2022-01-23T02:16:00","guid":{"rendered":"https:\/\/www.tatianamorales.com.co\/?page_id=2116"},"modified":"2025-08-19T01:04:54","modified_gmt":"2025-08-19T06:04:54","slug":"el-show-de-francisco-javier","status":"publish","type":"page","link":"https:\/\/www.tatianamorales.com.co\/index.php\/el-show-de-francisco-javier\/","title":{"rendered":"El Show de Francisco Javier"},"content":{"rendered":"\n<iframe loading=\"lazy\" width=\"100%\" height=\"166\" scrolling=\"no\" frameborder=\"no\" allow=\"autoplay\" src=\"https:\/\/w.soundcloud.com\/player\/?url=https%3A\/\/api.soundcloud.com\/tracks\/1197598057&amp;color=%235f17ca&amp;auto_play=false&amp;hide_related=false&amp;show_comments=true&amp;show_user=true&amp;show_reposts=false&amp;show_teaser=true\"><\/iframe><div style=\"font-size: 10px; color: #cccccc;line-break: anywhere;word-break: normal;overflow: hidden;white-space: nowrap;text-overflow: ellipsis; font-family: Interstate,Lucida Grande,Lucida Sans Unicode,Lucida Sans,Garuda,Verdana,Tahoma,sans-serif;font-weight: 100;\"><a href=\"https:\/\/soundcloud.com\/imagenfj\" title=\"Francisco Javier El Pelu\" target=\"_blank\" style=\"color: #cccccc; text-decoration: none;\" rel=\"noopener\">Francisco Javier El Pelu<\/a> \u00b7 <a href=\"https:\/\/soundcloud.com\/imagenfj\/episodio-003-tatiana-morales\" title=\"EPISODIO 003 - TATIANA MORALES\" target=\"_blank\" style=\"color: #cccccc; text-decoration: none;\" rel=\"noopener\">EPISODIO 003 &#8211; TATIANA MORALES<\/a><\/div>\n\n\n\n<p>Desde Montalvo Media en Juncos PR, fui invitada del 3er episodio del Podcast de \u201cEl Pelu\u201d.<\/p>\n\n\n\n<p>Descubre cu\u00e1nto pueden tener en com\u00fan dos comunicadores nacidos y criados en dos lugares tan distantes pero tan unidos por la m\u00fasica y amor por la Radio.<\/p>\n","protected":false},"excerpt":{"rendered":"<p>Francisco Javier El Pelu \u00b7 EPISODIO 003 &#8211; TATIANA MORALES Desde Montalvo Media en Juncos PR, fui invitada del 3er episodio del Podcast de \u201cEl Pelu\u201d. Descubre cu\u00e1nto pueden tener &#8230;<\/p>\n","protected":false},"author":1,"featured_media":1557,"parent":0,"menu_order":0,"comment_status":"closed","ping_status":"closed","template":"","meta":{"episode_type":"","audio_file":"","cover_image":"","cover_image_id":"","duration":"","filesize":"","date_recorded":"","explicit":"","block":"","itunes_episode_number":"","itunes_title":"","itunes_season_number":"","itunes_episode_type":"","filesize_raw":"","_themeisle_gutenberg_block_has_review":false,"footnotes":""},"class_list":["post-2116","page","type-page","status-publish","has-post-thumbnail","hentry"],"aioseo_notices":[],"_links":{"self":[{"href":"https:\/\/www.tatianamorales.com.co\/index.php\/wp-json\/wp\/v2\/pages\/2116","targetHints":{"allow":["GET"]}}],"collection":[{"href":"https:\/\/www.tatianamorales.com.co\/index.php\/wp-json\/wp\/v2\/pages"}],"about":[{"href":"https:\/\/www.tatianamorales.com.co\/index.php\/wp-json\/wp\/v2\/types\/page"}],"author":[{"embeddable":true,"href":"https:\/\/www.tatianamorales.com.co\/index.php\/wp-json\/wp\/v2\/users\/1"}],"replies":[{"embeddable":true,"href":"https:\/\/www.tatianamorales.com.co\/index.php\/wp-json\/wp\/v2\/comments?post=2116"}],"version-history":[{"count":3,"href":"https:\/\/www.tatianamorales.com.co\/index.php\/wp-json\/wp\/v2\/pages\/2116\/revisions"}],"predecessor-version":[{"id":2142,"href":"https:\/\/www.tatianamorales.com.co\/index.php\/wp-json\/wp\/v2\/pages\/2116\/revisions\/2142"}],"wp:featuredmedia":[{"embeddable":true,"href":"https:\/\/www.tatianamorales.com.co\/index.php\/wp-json\/wp\/v2\/media\/1557"}],"wp:attachment":[{"href":"https:\/\/www.tatianamorales.com.co\/index.php\/wp-json\/wp\/v2\/media?parent=2116"}],"curies":[{"name":"wp","href":"https:\/\/api.w.org\/{rel}","templated":true}]}}