{"id":2129,"date":"2025-08-18T22:00:00","date_gmt":"2025-08-19T03:00:00","guid":{"rendered":"https:\/\/www.tatianamorales.com.co\/?page_id=2129"},"modified":"2025-08-19T00:59:29","modified_gmt":"2025-08-19T05:59:29","slug":"programa-de-urosario-radio-dirigido-por-elkin-saboya","status":"publish","type":"page","link":"https:\/\/www.tatianamorales.com.co\/index.php\/programa-de-urosario-radio-dirigido-por-elkin-saboya\/","title":{"rendered":"Por la Vereda Tropical"},"content":{"rendered":"\n<figure class=\"wp-block-audio\"><audio controls src=\"https:\/\/www.tatianamorales.com.co\/wp-content\/uploads\/2025\/08\/Programa-62-Por-la-Vereda-De-Tatiana-Morales.mp3\"><\/audio><\/figure>\n\n\n\n<p>Emitido el viernes 15 y s\u00e1bado 16 de agosto de 2025<\/p>\n\n\n\n<p>Programa de URosario Radio dirigido por Elkin Saboya<\/p>\n\n\n\n<p>Un recorrido cr\u00f3nologico y anecd\u00f3tico sobre mi relaci\u00f3n con la salsa y la radio.<\/p>\n\n\n\n<p><\/p>\n","protected":false},"excerpt":{"rendered":"<p>Emitido el viernes 15 y s\u00e1bado 16 de agosto de 2025 Programa de URosario Radio dirigido por Elkin Saboya Un recorrido cr\u00f3nologico y anecd\u00f3tico sobre mi relaci\u00f3n con la salsa &#8230;<\/p>\n","protected":false},"author":1,"featured_media":2128,"parent":0,"menu_order":0,"comment_status":"closed","ping_status":"closed","template":"","meta":{"episode_type":"","audio_file":"","cover_image":"","cover_image_id":"","duration":"","filesize":"","date_recorded":"","explicit":"","block":"","itunes_episode_number":"","itunes_title":"","itunes_season_number":"","itunes_episode_type":"","filesize_raw":"","_themeisle_gutenberg_block_has_review":false,"footnotes":""},"class_list":["post-2129","page","type-page","status-publish","has-post-thumbnail","hentry"],"aioseo_notices":[],"_links":{"self":[{"href":"https:\/\/www.tatianamorales.com.co\/index.php\/wp-json\/wp\/v2\/pages\/2129","targetHints":{"allow":["GET"]}}],"collection":[{"href":"https:\/\/www.tatianamorales.com.co\/index.php\/wp-json\/wp\/v2\/pages"}],"about":[{"href":"https:\/\/www.tatianamorales.com.co\/index.php\/wp-json\/wp\/v2\/types\/page"}],"author":[{"embeddable":true,"href":"https:\/\/www.tatianamorales.com.co\/index.php\/wp-json\/wp\/v2\/users\/1"}],"replies":[{"embeddable":true,"href":"https:\/\/www.tatianamorales.com.co\/index.php\/wp-json\/wp\/v2\/comments?post=2129"}],"version-history":[{"count":4,"href":"https:\/\/www.tatianamorales.com.co\/index.php\/wp-json\/wp\/v2\/pages\/2129\/revisions"}],"predecessor-version":[{"id":2140,"href":"https:\/\/www.tatianamorales.com.co\/index.php\/wp-json\/wp\/v2\/pages\/2129\/revisions\/2140"}],"wp:featuredmedia":[{"embeddable":true,"href":"https:\/\/www.tatianamorales.com.co\/index.php\/wp-json\/wp\/v2\/media\/2128"}],"wp:attachment":[{"href":"https:\/\/www.tatianamorales.com.co\/index.php\/wp-json\/wp\/v2\/media?parent=2129"}],"curies":[{"name":"wp","href":"https:\/\/api.w.org\/{rel}","templated":true}]}}